{"id":924,"date":"2026-01-19T23:49:06","date_gmt":"2026-01-19T22:49:06","guid":{"rendered":"https:\/\/deliaortega.adrirodrigom5.es\/?page_id=924"},"modified":"2026-03-19T16:23:18","modified_gmt":"2026-03-19T15:23:18","slug":"job-interview","status":"publish","type":"page","link":"https:\/\/deliaortega.adrirodrigom5.es\/es\/talleres\/job-interview\/","title":{"rendered":"Job Interview"},"content":{"rendered":"\t\t<div data-elementor-type=\"wp-page\" data-elementor-id=\"924\" class=\"elementor elementor-924\" data-elementor-post-type=\"page\">\n\t\t\t\t<div class=\"elementor-element elementor-element-370ae73 e-flex e-con-boxed e-con e-parent\" data-id=\"370ae73\" data-element_type=\"container\" data-e-type=\"container\" data-settings=\"{&quot;background_background&quot;:&quot;classic&quot;,&quot;jet_parallax_layout_list&quot;:[]}\">\n\t\t\t\t\t<div class=\"e-con-inner\">\n\t\t<div class=\"elementor-element elementor-element-6e0028f e-con-full e-flex e-con e-child\" data-id=\"6e0028f\" data-element_type=\"container\" data-e-type=\"container\" data-settings=\"{&quot;background_background&quot;:&quot;classic&quot;,&quot;jet_parallax_layout_list&quot;:[]}\">\n\t\t\t\t<\/div>\n\t\t\t\t\t<\/div>\n\t\t\t\t<\/div>\n\t\t<div class=\"elementor-element elementor-element-a978fef e-flex e-con-boxed e-con e-parent\" data-id=\"a978fef\" data-element_type=\"container\" data-e-type=\"container\" data-settings=\"{&quot;jet_parallax_layout_list&quot;:[]}\">\n\t\t\t\t\t<div class=\"e-con-inner\">\n\t\t<div class=\"elementor-element elementor-element-3068653 e-con-full e-flex e-con e-child\" data-id=\"3068653\" data-element_type=\"container\" data-e-type=\"container\" data-settings=\"{&quot;jet_parallax_layout_list&quot;:[]}\">\n\t\t<div class=\"elementor-element elementor-element-05eb593 e-con-full e-flex e-con e-child\" data-id=\"05eb593\" data-element_type=\"container\" data-e-type=\"container\" data-settings=\"{&quot;jet_parallax_layout_list&quot;:[]}\">\n\t\t<div class=\"elementor-element elementor-element-39b1f01 e-con-full e-flex elementor-invisible e-con e-child\" data-id=\"39b1f01\" data-element_type=\"container\" data-e-type=\"container\" data-settings=\"{&quot;animation&quot;:&quot;slideInUp&quot;,&quot;animation_delay&quot;:&quot;100&quot;,&quot;jet_parallax_layout_list&quot;:[]}\">\n\t\t\t\t<div class=\"elementor-element elementor-element-bf8c910 elementor-widget elementor-widget-heading\" data-id=\"bf8c910\" data-element_type=\"widget\" data-e-type=\"widget\" data-widget_type=\"heading.default\">\n\t\t\t\t<div class=\"elementor-widget-container\">\n\t\t\t\t\t<h2 class=\"elementor-heading-title elementor-size-default\">\u00a1Prep\u00e1rate para triunfar en tu pr\u00f3xima entrevista de trabajo!<\/h2>\t\t\t\t<\/div>\n\t\t\t\t<\/div>\n\t\t\t\t<div class=\"elementor-element elementor-element-3e498b7 elementor-widget elementor-widget-text-editor\" data-id=\"3e498b7\" data-element_type=\"widget\" data-e-type=\"widget\" data-widget_type=\"text-editor.default\">\n\t\t\t\t<div class=\"elementor-widget-container\">\n\t\t\t\t\t\t\t\t\t<p>Este taller de Job Interview est\u00e1 dise\u00f1ado para ayudarte a prepararte de manera completa e independiente para entrevistas laborales en ingl\u00e9s.<br \/>Practicar\u00e1s c\u00f3mo presentarte con seguridad, hablar de tu experiencia profesional, destacar tus habilidades y logros, y responder tanto preguntas habituales como otras m\u00e1s desafiantes.<\/p><p>El taller tiene una duraci\u00f3n de 4,5 horas en directo, distribuidas en 3 sesiones de hora y media, e incluye:<\/p><ol><li>Preparaci\u00f3n de la carta de presentaci\u00f3n y curr\u00edculum.<\/li><li>Preparaci\u00f3n y pr\u00e1ctica de preguntas clave, seg\u00fan la industria.<\/li><li>Simulacro de entrevista completa y consejos finales.<\/li><\/ol><p>Al finalizar, te sentir\u00e1s listo para mostrar todo tu potencial, causar una impresi\u00f3n positiva y dar el siguiente paso en tu carrera.<\/p>\t\t\t\t\t\t\t\t<\/div>\n\t\t\t\t<\/div>\n\t\t<div class=\"elementor-element elementor-element-991d023 e-con-full e-flex e-con e-child\" data-id=\"991d023\" data-element_type=\"container\" data-e-type=\"container\" data-settings=\"{&quot;background_background&quot;:&quot;classic&quot;,&quot;jet_parallax_layout_list&quot;:[]}\">\n\t\t\t\t<div class=\"elementor-element elementor-element-b642b82 elementor-widget elementor-widget-heading\" data-id=\"b642b82\" data-element_type=\"widget\" data-e-type=\"widget\" data-widget_type=\"heading.default\">\n\t\t\t\t<div class=\"elementor-widget-container\">\n\t\t\t\t\t<h4 class=\"elementor-heading-title elementor-size-default\">Atenci\u00f3n y soporte personalizado<\/h4>\t\t\t\t<\/div>\n\t\t\t\t<\/div>\n\t\t\t\t<div class=\"elementor-element elementor-element-7c98e4a elementor-widget elementor-widget-text-editor\" data-id=\"7c98e4a\" data-element_type=\"widget\" data-e-type=\"widget\" data-widget_type=\"text-editor.default\">\n\t\t\t\t<div class=\"elementor-widget-container\">\n\t\t\t\t\t\t\t\t\t<p>Ponte en contacto con nosotros para resolver cualquier consulta o inconveniente. Nuestro equipo te brindar\u00e1 una respuesta clara y oportuna a trav\u00e9s de nuestros canales de contacto.<\/p>\t\t\t\t\t\t\t\t<\/div>\n\t\t\t\t<\/div>\n\t\t<div class=\"elementor-element elementor-element-64f9f35 e-flex e-con-boxed e-con e-child\" data-id=\"64f9f35\" data-element_type=\"container\" data-e-type=\"container\" data-settings=\"{&quot;jet_parallax_layout_list&quot;:[]}\">\n\t\t\t\t\t<div class=\"e-con-inner\">\n\t\t\t\t<div class=\"elementor-element elementor-element-450f92b elementor-invisible elementor-widget elementor-widget-button\" data-id=\"450f92b\" data-element_type=\"widget\" data-e-type=\"widget\" data-settings=\"{&quot;_animation&quot;:&quot;fadeInUp&quot;}\" data-widget_type=\"button.default\">\n\t\t\t\t<div class=\"elementor-widget-container\">\n\t\t\t\t\t\t\t\t\t<div class=\"elementor-button-wrapper\">\n\t\t\t\t\t<a class=\"elementor-button elementor-button-link elementor-size-lg elementor-animation-float\" href=\"https:\/\/deliaortega.adrirodrigom5.es\/contacto\/\">\n\t\t\t\t\t\t<span class=\"elementor-button-content-wrapper\">\n\t\t\t\t\t\t\t\t\t<span class=\"elementor-button-text\">Contacto<\/span>\n\t\t\t\t\t<\/span>\n\t\t\t\t\t<\/a>\n\t\t\t\t<\/div>\n\t\t\t\t\t\t\t\t<\/div>\n\t\t\t\t<\/div>\n\t\t\t\t<div class=\"elementor-element elementor-element-f1ab83a elementor-invisible elementor-widget elementor-widget-button\" data-id=\"f1ab83a\" data-element_type=\"widget\" data-e-type=\"widget\" data-settings=\"{&quot;_animation&quot;:&quot;fadeInUp&quot;}\" data-widget_type=\"button.default\">\n\t\t\t\t<div class=\"elementor-widget-container\">\n\t\t\t\t\t\t\t\t\t<div class=\"elementor-button-wrapper\">\n\t\t\t\t\t<a class=\"elementor-button elementor-button-link elementor-size-lg elementor-animation-float\" href=\"#joinchat\">\n\t\t\t\t\t\t<span class=\"elementor-button-content-wrapper\">\n\t\t\t\t\t\t<span class=\"elementor-button-icon\">\n\t\t\t\t<svg aria-hidden=\"true\" class=\"e-font-icon-svg e-fab-whatsapp\" viewBox=\"0 0 448 512\" xmlns=\"http:\/\/www.w3.org\/2000\/svg\"><path d=\"M380.9 97.1C339 55.1 283.2 32 223.9 32c-122.4 0-222 99.6-222 222 0 39.1 10.2 77.3 29.6 111L0 480l117.7-30.9c32.4 17.7 68.9 27 106.1 27h.1c122.3 0 224.1-99.6 224.1-222 0-59.3-25.2-115-67.1-157zm-157 341.6c-33.2 0-65.7-8.9-94-25.7l-6.7-4-69.8 18.3L72 359.2l-4.4-7c-18.5-29.4-28.2-63.3-28.2-98.2 0-101.7 82.8-184.5 184.6-184.5 49.3 0 95.6 19.2 130.4 54.1 34.8 34.9 56.2 81.2 56.1 130.5 0 101.8-84.9 184.6-186.6 184.6zm101.2-138.2c-5.5-2.8-32.8-16.2-37.9-18-5.1-1.9-8.8-2.8-12.5 2.8-3.7 5.6-14.3 18-17.6 21.8-3.2 3.7-6.5 4.2-12 1.4-32.6-16.3-54-29.1-75.5-66-5.7-9.8 5.7-9.1 16.3-30.3 1.8-3.7.9-6.9-.5-9.7-1.4-2.8-12.5-30.1-17.1-41.2-4.5-10.8-9.1-9.3-12.5-9.5-3.2-.2-6.9-.2-10.6-.2-3.7 0-9.7 1.4-14.8 6.9-5.1 5.6-19.4 19-19.4 46.3 0 27.3 19.9 53.7 22.6 57.4 2.8 3.7 39.1 59.7 94.8 83.8 35.2 15.2 49 16.5 66.6 13.9 10.7-1.6 32.8-13.4 37.4-26.4 4.6-13 4.6-24.1 3.2-26.4-1.3-2.5-5-3.9-10.5-6.6z\"><\/path><\/svg>\t\t\t<\/span>\n\t\t\t\t\t\t\t\t<\/span>\n\t\t\t\t\t<\/a>\n\t\t\t\t<\/div>\n\t\t\t\t\t\t\t\t<\/div>\n\t\t\t\t<\/div>\n\t\t\t\t\t<\/div>\n\t\t\t\t<\/div>\n\t\t\t\t<\/div>\n\t\t\t\t<\/div>\n\t\t<div class=\"elementor-element elementor-element-53f05dc e-con-full e-flex elementor-invisible e-con e-child\" data-id=\"53f05dc\" data-element_type=\"container\" data-e-type=\"container\" data-settings=\"{&quot;animation&quot;:&quot;slideInUp&quot;,&quot;animation_delay&quot;:&quot;100&quot;,&quot;jet_parallax_layout_list&quot;:[]}\">\n\t\t\t\t<div class=\"elementor-element elementor-element-3b46753 elementor-widget elementor-widget-shortcode\" data-id=\"3b46753\" data-element_type=\"widget\" data-e-type=\"widget\" data-widget_type=\"shortcode.default\">\n\t\t\t\t<div class=\"elementor-widget-container\">\n\t\t\t\t\t\t\t<div class=\"elementor-shortcode\">\n<script>\n  if (typeof hasAmeliaEntitiesApiCall === 'undefined' && ('' === '' && '' !== '1')) {\n    var hasAmeliaEntitiesApiCall = true;\n  }\n  var ameliaShortcodeData = (typeof ameliaShortcodeData === 'undefined') ? [] : ameliaShortcodeData;\n  ameliaShortcodeData.push(\n    {\n      'hasApiCall': (typeof hasAmeliaEntitiesApiCall !== 'undefined') && hasAmeliaEntitiesApiCall,\n      'trigger': '',\n      'trigger_type': '',\n      'triggered_form': 'sbsNew',\n      'in_dialog': '',\n      'show': '',\n      'counter': '1000',\n      'category': '',\n      'service': '',\n      'employee': '',\n      'location': '',\n      'package': '2',\n      'layout': '',\n    }\n  );\n\n  var ameliaShortcodeDataTriggered = (typeof ameliaShortcodeDataTriggered === 'undefined') ? [] : ameliaShortcodeDataTriggered;\n  if (ameliaShortcodeData[ameliaShortcodeData.length - 1].trigger !== '') {\n    if (ameliaShortcodeDataTriggered.filter(a => a.counter === ameliaShortcodeData[ameliaShortcodeData.length - 1].counter).length === 0) {\n      ameliaShortcodeDataTriggered.push(ameliaShortcodeData.pop());\n    } else {\n      ameliaShortcodeData.pop()\n    }\n  }\n  if (typeof hasAmeliaEntitiesApiCall !== 'undefined' && hasAmeliaEntitiesApiCall) {\n    hasAmeliaEntitiesApiCall = false;\n  }\n<\/script>\n\n<div\n  id=\"amelia-v2-booking-1000\"\n  class=\"amelia-v2-booking\"\n >\n    <step-form-wrapper><\/step-form-wrapper><\/div>\n<\/div>\n\t\t\t\t\t\t<\/div>\n\t\t\t\t<\/div>\n\t\t\t\t<\/div>\n\t\t\t\t<\/div>\n\t\t\t\t<\/div>\n\t\t\t\t\t<\/div>\n\t\t\t\t<\/div>\n\t\t\t\t<\/div>\n\t\t","protected":false},"excerpt":{"rendered":"<p>\u00a1Prep\u00e1rate para triunfar en tu pr\u00f3xima entrevista de trabajo! Este taller de Job Interview est\u00e1 dise\u00f1ado para ayudarte a prepararte de manera completa e independiente para entrevistas laborales en ingl\u00e9s.Practicar\u00e1s c\u00f3mo presentarte con seguridad, hablar de tu experiencia profesional, destacar tus habilidades y logros, y responder tanto preguntas habituales como otras m\u00e1s desafiantes. El taller [&hellip;]<\/p>\n","protected":false},"author":7,"featured_media":0,"parent":909,"menu_order":0,"comment_status":"closed","ping_status":"closed","template":"elementor_header_footer","meta":{"_joinchat":[],"footnotes":""},"class_list":["post-924","page","type-page","status-publish","hentry"],"yoast_head":"<!-- This site is optimized with the Yoast SEO plugin v27.3 - https:\/\/yoast.com\/product\/yoast-seo-wordpress\/ -->\n<title>Job Interview - Delia Ortega<\/title>\n<meta name=\"robots\" content=\"noindex, follow, max-snippet:-1, max-image-preview:large, max-video-preview:-1\" \/>\n<meta property=\"og:locale\" content=\"es_ES\" \/>\n<meta property=\"og:type\" content=\"article\" \/>\n<meta property=\"og:title\" content=\"Job Interview - Delia Ortega\" \/>\n<meta property=\"og:description\" content=\"\u00a1Prep\u00e1rate para triunfar en tu pr\u00f3xima entrevista de trabajo! Este taller de Job Interview est\u00e1 dise\u00f1ado para ayudarte a prepararte de manera completa e independiente para entrevistas laborales en ingl\u00e9s.Practicar\u00e1s c\u00f3mo presentarte con seguridad, hablar de tu experiencia profesional, destacar tus habilidades y logros, y responder tanto preguntas habituales como otras m\u00e1s desafiantes. El taller [&hellip;]\" \/>\n<meta property=\"og:url\" content=\"https:\/\/deliaortega.adrirodrigom5.es\/es\/talleres\/job-interview\/\" \/>\n<meta property=\"og:site_name\" content=\"Delia Ortega\" \/>\n<meta property=\"article:modified_time\" content=\"2026-03-19T15:23:18+00:00\" \/>\n<meta name=\"twitter:card\" content=\"summary_large_image\" \/>\n<meta name=\"twitter:label1\" content=\"Tiempo de lectura\" \/>\n\t<meta name=\"twitter:data1\" content=\"1 minuto\" \/>\n<script type=\"application\/ld+json\" class=\"yoast-schema-graph\">{\"@context\":\"https:\\\/\\\/schema.org\",\"@graph\":[{\"@type\":\"WebPage\",\"@id\":\"https:\\\/\\\/deliaortega.adrirodrigom5.es\\\/talleres\\\/job-interview\\\/\",\"url\":\"https:\\\/\\\/deliaortega.adrirodrigom5.es\\\/talleres\\\/job-interview\\\/\",\"name\":\"Job Interview - Delia Ortega\",\"isPartOf\":{\"@id\":\"https:\\\/\\\/deliaortega.adrirodrigom5.es\\\/#website\"},\"datePublished\":\"2026-01-19T22:49:06+00:00\",\"dateModified\":\"2026-03-19T15:23:18+00:00\",\"breadcrumb\":{\"@id\":\"https:\\\/\\\/deliaortega.adrirodrigom5.es\\\/talleres\\\/job-interview\\\/#breadcrumb\"},\"inLanguage\":\"es\",\"potentialAction\":[{\"@type\":\"ReadAction\",\"target\":[\"https:\\\/\\\/deliaortega.adrirodrigom5.es\\\/talleres\\\/job-interview\\\/\"]}]},{\"@type\":\"BreadcrumbList\",\"@id\":\"https:\\\/\\\/deliaortega.adrirodrigom5.es\\\/talleres\\\/job-interview\\\/#breadcrumb\",\"itemListElement\":[{\"@type\":\"ListItem\",\"position\":1,\"name\":\"Portada\",\"item\":\"https:\\\/\\\/deliaortega.adrirodrigom5.es\\\/\"},{\"@type\":\"ListItem\",\"position\":2,\"name\":\"Talleres\",\"item\":\"https:\\\/\\\/deliaortega.adrirodrigom5.es\\\/talleres\\\/\"},{\"@type\":\"ListItem\",\"position\":3,\"name\":\"Job Interview\"}]},{\"@type\":\"WebSite\",\"@id\":\"https:\\\/\\\/deliaortega.adrirodrigom5.es\\\/#website\",\"url\":\"https:\\\/\\\/deliaortega.adrirodrigom5.es\\\/\",\"name\":\"Delia Ortega\",\"description\":\"English with a New York Twist!\",\"publisher\":{\"@id\":\"https:\\\/\\\/deliaortega.adrirodrigom5.es\\\/#organization\"},\"potentialAction\":[{\"@type\":\"SearchAction\",\"target\":{\"@type\":\"EntryPoint\",\"urlTemplate\":\"https:\\\/\\\/deliaortega.adrirodrigom5.es\\\/?s={search_term_string}\"},\"query-input\":{\"@type\":\"PropertyValueSpecification\",\"valueRequired\":true,\"valueName\":\"search_term_string\"}}],\"inLanguage\":\"es\"},{\"@type\":\"Organization\",\"@id\":\"https:\\\/\\\/deliaortega.adrirodrigom5.es\\\/#organization\",\"name\":\"Delia Ortega\",\"url\":\"https:\\\/\\\/deliaortega.adrirodrigom5.es\\\/\",\"logo\":{\"@type\":\"ImageObject\",\"inLanguage\":\"es\",\"@id\":\"https:\\\/\\\/deliaortega.adrirodrigom5.es\\\/#\\\/schema\\\/logo\\\/image\\\/\",\"url\":\"https:\\\/\\\/deliaortega.adrirodrigom5.es\\\/wp-content\\\/uploads\\\/2025\\\/10\\\/logo-4.webp\",\"contentUrl\":\"https:\\\/\\\/deliaortega.adrirodrigom5.es\\\/wp-content\\\/uploads\\\/2025\\\/10\\\/logo-4.webp\",\"width\":1456,\"height\":512,\"caption\":\"Delia Ortega\"},\"image\":{\"@id\":\"https:\\\/\\\/deliaortega.adrirodrigom5.es\\\/#\\\/schema\\\/logo\\\/image\\\/\"}}]}<\/script>\n<!-- \/ Yoast SEO plugin. -->","yoast_head_json":{"title":"Job Interview - Delia Ortega","robots":{"index":"noindex","follow":"follow","max-snippet":"max-snippet:-1","max-image-preview":"max-image-preview:large","max-video-preview":"max-video-preview:-1"},"og_locale":"es_ES","og_type":"article","og_title":"Job Interview - Delia Ortega","og_description":"\u00a1Prep\u00e1rate para triunfar en tu pr\u00f3xima entrevista de trabajo! Este taller de Job Interview est\u00e1 dise\u00f1ado para ayudarte a prepararte de manera completa e independiente para entrevistas laborales en ingl\u00e9s.Practicar\u00e1s c\u00f3mo presentarte con seguridad, hablar de tu experiencia profesional, destacar tus habilidades y logros, y responder tanto preguntas habituales como otras m\u00e1s desafiantes. El taller [&hellip;]","og_url":"https:\/\/deliaortega.adrirodrigom5.es\/es\/talleres\/job-interview\/","og_site_name":"Delia Ortega","article_modified_time":"2026-03-19T15:23:18+00:00","twitter_card":"summary_large_image","twitter_misc":{"Tiempo de lectura":"1 minuto"},"schema":{"@context":"https:\/\/schema.org","@graph":[{"@type":"WebPage","@id":"https:\/\/deliaortega.adrirodrigom5.es\/talleres\/job-interview\/","url":"https:\/\/deliaortega.adrirodrigom5.es\/talleres\/job-interview\/","name":"Job Interview - Delia Ortega","isPartOf":{"@id":"https:\/\/deliaortega.adrirodrigom5.es\/#website"},"datePublished":"2026-01-19T22:49:06+00:00","dateModified":"2026-03-19T15:23:18+00:00","breadcrumb":{"@id":"https:\/\/deliaortega.adrirodrigom5.es\/talleres\/job-interview\/#breadcrumb"},"inLanguage":"es","potentialAction":[{"@type":"ReadAction","target":["https:\/\/deliaortega.adrirodrigom5.es\/talleres\/job-interview\/"]}]},{"@type":"BreadcrumbList","@id":"https:\/\/deliaortega.adrirodrigom5.es\/talleres\/job-interview\/#breadcrumb","itemListElement":[{"@type":"ListItem","position":1,"name":"Portada","item":"https:\/\/deliaortega.adrirodrigom5.es\/"},{"@type":"ListItem","position":2,"name":"Talleres","item":"https:\/\/deliaortega.adrirodrigom5.es\/talleres\/"},{"@type":"ListItem","position":3,"name":"Job Interview"}]},{"@type":"WebSite","@id":"https:\/\/deliaortega.adrirodrigom5.es\/#website","url":"https:\/\/deliaortega.adrirodrigom5.es\/","name":"Delia Ortega","description":"English with a New York Twist!","publisher":{"@id":"https:\/\/deliaortega.adrirodrigom5.es\/#organization"},"potentialAction":[{"@type":"SearchAction","target":{"@type":"EntryPoint","urlTemplate":"https:\/\/deliaortega.adrirodrigom5.es\/?s={search_term_string}"},"query-input":{"@type":"PropertyValueSpecification","valueRequired":true,"valueName":"search_term_string"}}],"inLanguage":"es"},{"@type":"Organization","@id":"https:\/\/deliaortega.adrirodrigom5.es\/#organization","name":"Delia Ortega","url":"https:\/\/deliaortega.adrirodrigom5.es\/","logo":{"@type":"ImageObject","inLanguage":"es","@id":"https:\/\/deliaortega.adrirodrigom5.es\/#\/schema\/logo\/image\/","url":"https:\/\/deliaortega.adrirodrigom5.es\/wp-content\/uploads\/2025\/10\/logo-4.webp","contentUrl":"https:\/\/deliaortega.adrirodrigom5.es\/wp-content\/uploads\/2025\/10\/logo-4.webp","width":1456,"height":512,"caption":"Delia Ortega"},"image":{"@id":"https:\/\/deliaortega.adrirodrigom5.es\/#\/schema\/logo\/image\/"}}]}},"_links":{"self":[{"href":"https:\/\/deliaortega.adrirodrigom5.es\/es\/wp-json\/wp\/v2\/pages\/924","targetHints":{"allow":["GET"]}}],"collection":[{"href":"https:\/\/deliaortega.adrirodrigom5.es\/es\/wp-json\/wp\/v2\/pages"}],"about":[{"href":"https:\/\/deliaortega.adrirodrigom5.es\/es\/wp-json\/wp\/v2\/types\/page"}],"author":[{"embeddable":true,"href":"https:\/\/deliaortega.adrirodrigom5.es\/es\/wp-json\/wp\/v2\/users\/7"}],"replies":[{"embeddable":true,"href":"https:\/\/deliaortega.adrirodrigom5.es\/es\/wp-json\/wp\/v2\/comments?post=924"}],"version-history":[{"count":25,"href":"https:\/\/deliaortega.adrirodrigom5.es\/es\/wp-json\/wp\/v2\/pages\/924\/revisions"}],"predecessor-version":[{"id":1155,"href":"https:\/\/deliaortega.adrirodrigom5.es\/es\/wp-json\/wp\/v2\/pages\/924\/revisions\/1155"}],"up":[{"embeddable":true,"href":"https:\/\/deliaortega.adrirodrigom5.es\/es\/wp-json\/wp\/v2\/pages\/909"}],"wp:attachment":[{"href":"https:\/\/deliaortega.adrirodrigom5.es\/es\/wp-json\/wp\/v2\/media?parent=924"}],"curies":[{"name":"wp","href":"https:\/\/api.w.org\/{rel}","templated":true}]}}