{"id":866,"date":"2026-01-19T22:10:49","date_gmt":"2026-01-19T21:10:49","guid":{"rendered":"https:\/\/deliaortega.adrirodrigom5.es\/?page_id=866"},"modified":"2026-03-09T17:16:21","modified_gmt":"2026-03-09T16:16:21","slug":"social-speaking","status":"publish","type":"page","link":"https:\/\/deliaortega.adrirodrigom5.es\/es\/social-speaking\/","title":{"rendered":"Social Speaking"},"content":{"rendered":"\t\t<div data-elementor-type=\"wp-page\" data-elementor-id=\"866\" class=\"elementor elementor-866\" data-elementor-post-type=\"page\">\n\t\t\t\t<div class=\"elementor-element elementor-element-cf7e319 e-con-full e-flex e-con e-parent\" data-id=\"cf7e319\" data-element_type=\"container\" data-e-type=\"container\" data-settings=\"{&quot;background_background&quot;:&quot;classic&quot;,&quot;jet_parallax_layout_list&quot;:[]}\">\n\t\t<div class=\"elementor-element elementor-element-c32d6f0 e-con-full e-flex e-con e-child\" data-id=\"c32d6f0\" data-element_type=\"container\" data-e-type=\"container\" data-settings=\"{&quot;jet_parallax_layout_list&quot;:[]}\">\n\t\t\t\t<div class=\"elementor-element elementor-element-dc2a61a elementor-widget__width-initial elementor-widget elementor-widget-heading\" data-id=\"dc2a61a\" data-element_type=\"widget\" data-e-type=\"widget\" data-widget_type=\"heading.default\">\n\t\t\t\t<div class=\"elementor-widget-container\">\n\t\t\t\t\t<h2 class=\"elementor-heading-title elementor-size-default\">Quiero ayudarte a hablar ingl\u00e9s con soltura y confianza<\/h2>\t\t\t\t<\/div>\n\t\t\t\t<\/div>\n\t\t\t\t<\/div>\n\t\t\t\t<\/div>\n\t\t<div class=\"elementor-element elementor-element-962b77b e-flex e-con-boxed e-con e-parent\" data-id=\"962b77b\" data-element_type=\"container\" data-e-type=\"container\" data-settings=\"{&quot;background_background&quot;:&quot;classic&quot;,&quot;jet_parallax_layout_list&quot;:[]}\">\n\t\t\t\t\t<div class=\"e-con-inner\">\n\t\t<div class=\"elementor-element elementor-element-def9f5b e-con-full e-flex e-con e-child\" data-id=\"def9f5b\" data-element_type=\"container\" data-e-type=\"container\" data-settings=\"{&quot;jet_parallax_layout_list&quot;:[]}\">\n\t\t<div class=\"elementor-element elementor-element-14da58e e-con-full e-flex e-con e-child\" data-id=\"14da58e\" data-element_type=\"container\" data-e-type=\"container\" data-settings=\"{&quot;background_background&quot;:&quot;classic&quot;,&quot;jet_parallax_layout_list&quot;:[]}\">\n\t\t\t\t<div class=\"elementor-element elementor-element-c8e5756 elementor-widget elementor-widget-heading\" data-id=\"c8e5756\" data-element_type=\"widget\" data-e-type=\"widget\" data-widget_type=\"heading.default\">\n\t\t\t\t<div class=\"elementor-widget-container\">\n\t\t\t\t\t<h5 class=\"elementor-heading-title elementor-size-default\"><a href=\"https:\/\/deliaortega.adrirodrigom5.es\/social-speaking\/lets-talk-business\/\">Let\u2019s talk Business<\/a><\/h5>\t\t\t\t<\/div>\n\t\t\t\t<\/div>\n\t\t\t\t<div class=\"elementor-element elementor-element-bccf20c elementor-widget elementor-widget-text-editor\" data-id=\"bccf20c\" data-element_type=\"widget\" data-e-type=\"widget\" data-widget_type=\"text-editor.default\">\n\t\t\t\t<div class=\"elementor-widget-container\">\n\t\t\t\t\t\t\t\t\t<p>Fluidez y confianza para comunicarte en ingl\u00e9s profesional<\/p>\t\t\t\t\t\t\t\t<\/div>\n\t\t\t\t<\/div>\n\t\t\t\t<div class=\"elementor-element elementor-element-52e06c4 elementor-widget elementor-widget-heading\" data-id=\"52e06c4\" data-element_type=\"widget\" data-e-type=\"widget\" data-widget_type=\"heading.default\">\n\t\t\t\t<div class=\"elementor-widget-container\">\n\t\t\t\t\t<h5 class=\"elementor-heading-title elementor-size-default\">30\u20ac\/sesi\u00f3n<\/h5>\t\t\t\t<\/div>\n\t\t\t\t<\/div>\n\t\t\t\t<div class=\"elementor-element elementor-element-5f1a756 elementor-widget elementor-widget-button\" data-id=\"5f1a756\" data-element_type=\"widget\" data-e-type=\"widget\" data-widget_type=\"button.default\">\n\t\t\t\t<div class=\"elementor-widget-container\">\n\t\t\t\t\t\t\t\t\t<div class=\"elementor-button-wrapper\">\n\t\t\t\t\t<a class=\"elementor-button elementor-button-link elementor-size-sm elementor-animation-float\" href=\"https:\/\/deliaortega.adrirodrigom5.es\/social-speaking\/lets-talk-business\/\">\n\t\t\t\t\t\t<span class=\"elementor-button-content-wrapper\">\n\t\t\t\t\t\t<span class=\"elementor-button-icon\">\n\t\t\t\t<svg aria-hidden=\"true\" class=\"e-font-icon-svg e-fas-angle-right\" viewBox=\"0 0 256 512\" xmlns=\"http:\/\/www.w3.org\/2000\/svg\"><path d=\"M224.3 273l-136 136c-9.4 9.4-24.6 9.4-33.9 0l-22.6-22.6c-9.4-9.4-9.4-24.6 0-33.9l96.4-96.4-96.4-96.4c-9.4-9.4-9.4-24.6 0-33.9L54.3 103c9.4-9.4 24.6-9.4 33.9 0l136 136c9.5 9.4 9.5 24.6.1 34z\"><\/path><\/svg>\t\t\t<\/span>\n\t\t\t\t\t\t\t\t\t<span class=\"elementor-button-text\">Ver Producto<\/span>\n\t\t\t\t\t<\/span>\n\t\t\t\t\t<\/a>\n\t\t\t\t<\/div>\n\t\t\t\t\t\t\t\t<\/div>\n\t\t\t\t<\/div>\n\t\t\t\t<div class=\"elementor-element elementor-element-872f6d1 elementor-invisible elementor-widget elementor-widget-image\" data-id=\"872f6d1\" data-element_type=\"widget\" data-e-type=\"widget\" data-settings=\"{&quot;_animation&quot;:&quot;slideInUp&quot;}\" data-widget_type=\"image.default\">\n\t\t\t\t<div class=\"elementor-widget-container\">\n\t\t\t\t\t\t\t\t\t\t\t\t\t\t\t<img fetchpriority=\"high\" decoding=\"async\" width=\"800\" height=\"480\" src=\"https:\/\/deliaortega.adrirodrigom5.es\/wp-content\/uploads\/2026\/01\/img28.webp\" class=\"attachment-large size-large wp-image-872\" alt=\"\" srcset=\"https:\/\/deliaortega.adrirodrigom5.es\/wp-content\/uploads\/2026\/01\/img28.webp 1000w, https:\/\/deliaortega.adrirodrigom5.es\/wp-content\/uploads\/2026\/01\/img28-600x360.webp 600w, https:\/\/deliaortega.adrirodrigom5.es\/wp-content\/uploads\/2026\/01\/img28-300x180.webp 300w, https:\/\/deliaortega.adrirodrigom5.es\/wp-content\/uploads\/2026\/01\/img28-768x461.webp 768w\" sizes=\"(max-width: 800px) 100vw, 800px\" \/>\t\t\t\t\t\t\t\t\t\t\t\t\t\t\t<\/div>\n\t\t\t\t<\/div>\n\t\t\t\t<\/div>\n\t\t<div class=\"elementor-element elementor-element-dd62bf2 e-flex e-con-boxed e-con e-child\" data-id=\"dd62bf2\" data-element_type=\"container\" data-e-type=\"container\" data-settings=\"{&quot;background_background&quot;:&quot;classic&quot;,&quot;jet_parallax_layout_list&quot;:[]}\">\n\t\t\t\t\t<div class=\"e-con-inner\">\n\t\t\t\t<div class=\"elementor-element elementor-element-ebed29d elementor-widget elementor-widget-heading\" data-id=\"ebed29d\" data-element_type=\"widget\" data-e-type=\"widget\" data-widget_type=\"heading.default\">\n\t\t\t\t<div class=\"elementor-widget-container\">\n\t\t\t\t\t<h5 class=\"elementor-heading-title elementor-size-default\"><a href=\"https:\/\/deliaortega.adrirodrigom5.es\/social-speaking\/speaking-sessions\/\">Speaking sessions<\/a><\/h5>\t\t\t\t<\/div>\n\t\t\t\t<\/div>\n\t\t\t\t<div class=\"elementor-element elementor-element-5ce272d elementor-widget elementor-widget-text-editor\" data-id=\"5ce272d\" data-element_type=\"widget\" data-e-type=\"widget\" data-widget_type=\"text-editor.default\">\n\t\t\t\t<div class=\"elementor-widget-container\">\n\t\t\t\t\t\t\t\t\t<p>Desarrolla un ingl\u00e9s natural y seguro para el d\u00eda a d\u00eda<\/p>\t\t\t\t\t\t\t\t<\/div>\n\t\t\t\t<\/div>\n\t\t\t\t<div class=\"elementor-element elementor-element-b2ccf60 elementor-widget elementor-widget-heading\" data-id=\"b2ccf60\" data-element_type=\"widget\" data-e-type=\"widget\" data-widget_type=\"heading.default\">\n\t\t\t\t<div class=\"elementor-widget-container\">\n\t\t\t\t\t<h5 class=\"elementor-heading-title elementor-size-default\">30\u20ac\/sesi\u00f3n<\/h5>\t\t\t\t<\/div>\n\t\t\t\t<\/div>\n\t\t\t\t<div class=\"elementor-element elementor-element-08b71dc elementor-widget elementor-widget-button\" data-id=\"08b71dc\" data-element_type=\"widget\" data-e-type=\"widget\" data-widget_type=\"button.default\">\n\t\t\t\t<div class=\"elementor-widget-container\">\n\t\t\t\t\t\t\t\t\t<div class=\"elementor-button-wrapper\">\n\t\t\t\t\t<a class=\"elementor-button elementor-button-link elementor-size-sm elementor-animation-float\" href=\"https:\/\/deliaortega.adrirodrigom5.es\/social-speaking\/speaking-sessions\/\">\n\t\t\t\t\t\t<span class=\"elementor-button-content-wrapper\">\n\t\t\t\t\t\t<span class=\"elementor-button-icon\">\n\t\t\t\t<svg aria-hidden=\"true\" class=\"e-font-icon-svg e-fas-angle-right\" viewBox=\"0 0 256 512\" xmlns=\"http:\/\/www.w3.org\/2000\/svg\"><path d=\"M224.3 273l-136 136c-9.4 9.4-24.6 9.4-33.9 0l-22.6-22.6c-9.4-9.4-9.4-24.6 0-33.9l96.4-96.4-96.4-96.4c-9.4-9.4-9.4-24.6 0-33.9L54.3 103c9.4-9.4 24.6-9.4 33.9 0l136 136c9.5 9.4 9.5 24.6.1 34z\"><\/path><\/svg>\t\t\t<\/span>\n\t\t\t\t\t\t\t\t\t<span class=\"elementor-button-text\">Ver Producto<\/span>\n\t\t\t\t\t<\/span>\n\t\t\t\t\t<\/a>\n\t\t\t\t<\/div>\n\t\t\t\t\t\t\t\t<\/div>\n\t\t\t\t<\/div>\n\t\t\t\t<div class=\"elementor-element elementor-element-690e33a elementor-invisible elementor-widget elementor-widget-image\" data-id=\"690e33a\" data-element_type=\"widget\" data-e-type=\"widget\" data-settings=\"{&quot;_animation&quot;:&quot;slideInUp&quot;}\" data-widget_type=\"image.default\">\n\t\t\t\t<div class=\"elementor-widget-container\">\n\t\t\t\t\t\t\t\t\t\t\t\t\t\t\t<img decoding=\"async\" width=\"1000\" height=\"600\" src=\"https:\/\/deliaortega.adrirodrigom5.es\/wp-content\/uploads\/2026\/01\/img27.webp\" class=\"attachment-full size-full wp-image-873\" alt=\"\" srcset=\"https:\/\/deliaortega.adrirodrigom5.es\/wp-content\/uploads\/2026\/01\/img27.webp 1000w, https:\/\/deliaortega.adrirodrigom5.es\/wp-content\/uploads\/2026\/01\/img27-600x360.webp 600w, https:\/\/deliaortega.adrirodrigom5.es\/wp-content\/uploads\/2026\/01\/img27-300x180.webp 300w, https:\/\/deliaortega.adrirodrigom5.es\/wp-content\/uploads\/2026\/01\/img27-768x461.webp 768w\" sizes=\"(max-width: 1000px) 100vw, 1000px\" \/>\t\t\t\t\t\t\t\t\t\t\t\t\t\t\t<\/div>\n\t\t\t\t<\/div>\n\t\t\t\t\t<\/div>\n\t\t\t\t<\/div>\n\t\t\t\t<\/div>\n\t\t\t\t\t<\/div>\n\t\t\t\t<\/div>\n\t\t\t\t<\/div>\n\t\t","protected":false},"excerpt":{"rendered":"<p>Quiero ayudarte a hablar ingl\u00e9s con soltura y confianza Let\u2019s talk Business Fluidez y confianza para comunicarte en ingl\u00e9s profesional 30\u20ac\/sesi\u00f3n Ver Producto Speaking sessions Desarrolla un ingl\u00e9s natural y seguro para el d\u00eda a d\u00eda 30\u20ac\/sesi\u00f3n Ver Producto<\/p>\n","protected":false},"author":7,"featured_media":0,"parent":0,"menu_order":0,"comment_status":"closed","ping_status":"closed","template":"elementor_header_footer","meta":{"_joinchat":[],"footnotes":""},"class_list":["post-866","page","type-page","status-publish","hentry"],"yoast_head":"<!-- This site is optimized with the Yoast SEO plugin v27.3 - https:\/\/yoast.com\/product\/yoast-seo-wordpress\/ -->\n<title>Social Speaking - Delia Ortega<\/title>\n<meta name=\"robots\" content=\"noindex, follow, max-snippet:-1, max-image-preview:large, max-video-preview:-1\" \/>\n<meta property=\"og:locale\" content=\"es_ES\" \/>\n<meta property=\"og:type\" content=\"article\" \/>\n<meta property=\"og:title\" content=\"Social Speaking - Delia Ortega\" \/>\n<meta property=\"og:description\" content=\"Quiero ayudarte a hablar ingl\u00e9s con soltura y confianza Let\u2019s talk Business Fluidez y confianza para comunicarte en ingl\u00e9s profesional 30\u20ac\/sesi\u00f3n Ver Producto Speaking sessions Desarrolla un ingl\u00e9s natural y seguro para el d\u00eda a d\u00eda 30\u20ac\/sesi\u00f3n Ver Producto\" \/>\n<meta property=\"og:url\" content=\"https:\/\/deliaortega.adrirodrigom5.es\/es\/social-speaking\/\" \/>\n<meta property=\"og:site_name\" content=\"Delia Ortega\" \/>\n<meta property=\"article:modified_time\" content=\"2026-03-09T16:16:21+00:00\" \/>\n<meta property=\"og:image\" content=\"https:\/\/deliaortega.adrirodrigom5.es\/wp-content\/uploads\/2026\/01\/img28.webp\" \/>\n\t<meta property=\"og:image:width\" content=\"1000\" \/>\n\t<meta property=\"og:image:height\" content=\"600\" \/>\n\t<meta property=\"og:image:type\" content=\"image\/webp\" \/>\n<meta name=\"twitter:card\" content=\"summary_large_image\" \/>\n<meta name=\"twitter:label1\" content=\"Tiempo de lectura\" \/>\n\t<meta name=\"twitter:data1\" content=\"1 minuto\" \/>\n<script type=\"application\/ld+json\" class=\"yoast-schema-graph\">{\"@context\":\"https:\\\/\\\/schema.org\",\"@graph\":[{\"@type\":\"WebPage\",\"@id\":\"https:\\\/\\\/deliaortega.adrirodrigom5.es\\\/social-speaking\\\/\",\"url\":\"https:\\\/\\\/deliaortega.adrirodrigom5.es\\\/social-speaking\\\/\",\"name\":\"Social Speaking - Delia Ortega\",\"isPartOf\":{\"@id\":\"https:\\\/\\\/deliaortega.adrirodrigom5.es\\\/#website\"},\"primaryImageOfPage\":{\"@id\":\"https:\\\/\\\/deliaortega.adrirodrigom5.es\\\/social-speaking\\\/#primaryimage\"},\"image\":{\"@id\":\"https:\\\/\\\/deliaortega.adrirodrigom5.es\\\/social-speaking\\\/#primaryimage\"},\"thumbnailUrl\":\"https:\\\/\\\/deliaortega.adrirodrigom5.es\\\/wp-content\\\/uploads\\\/2026\\\/01\\\/img28.webp\",\"datePublished\":\"2026-01-19T21:10:49+00:00\",\"dateModified\":\"2026-03-09T16:16:21+00:00\",\"breadcrumb\":{\"@id\":\"https:\\\/\\\/deliaortega.adrirodrigom5.es\\\/social-speaking\\\/#breadcrumb\"},\"inLanguage\":\"es\",\"potentialAction\":[{\"@type\":\"ReadAction\",\"target\":[\"https:\\\/\\\/deliaortega.adrirodrigom5.es\\\/social-speaking\\\/\"]}]},{\"@type\":\"ImageObject\",\"inLanguage\":\"es\",\"@id\":\"https:\\\/\\\/deliaortega.adrirodrigom5.es\\\/social-speaking\\\/#primaryimage\",\"url\":\"https:\\\/\\\/deliaortega.adrirodrigom5.es\\\/wp-content\\\/uploads\\\/2026\\\/01\\\/img28.webp\",\"contentUrl\":\"https:\\\/\\\/deliaortega.adrirodrigom5.es\\\/wp-content\\\/uploads\\\/2026\\\/01\\\/img28.webp\"},{\"@type\":\"BreadcrumbList\",\"@id\":\"https:\\\/\\\/deliaortega.adrirodrigom5.es\\\/social-speaking\\\/#breadcrumb\",\"itemListElement\":[{\"@type\":\"ListItem\",\"position\":1,\"name\":\"Portada\",\"item\":\"https:\\\/\\\/deliaortega.adrirodrigom5.es\\\/\"},{\"@type\":\"ListItem\",\"position\":2,\"name\":\"Social Speaking\"}]},{\"@type\":\"WebSite\",\"@id\":\"https:\\\/\\\/deliaortega.adrirodrigom5.es\\\/#website\",\"url\":\"https:\\\/\\\/deliaortega.adrirodrigom5.es\\\/\",\"name\":\"Delia Ortega\",\"description\":\"English with a New York Twist!\",\"publisher\":{\"@id\":\"https:\\\/\\\/deliaortega.adrirodrigom5.es\\\/#organization\"},\"potentialAction\":[{\"@type\":\"SearchAction\",\"target\":{\"@type\":\"EntryPoint\",\"urlTemplate\":\"https:\\\/\\\/deliaortega.adrirodrigom5.es\\\/?s={search_term_string}\"},\"query-input\":{\"@type\":\"PropertyValueSpecification\",\"valueRequired\":true,\"valueName\":\"search_term_string\"}}],\"inLanguage\":\"es\"},{\"@type\":\"Organization\",\"@id\":\"https:\\\/\\\/deliaortega.adrirodrigom5.es\\\/#organization\",\"name\":\"Delia Ortega\",\"url\":\"https:\\\/\\\/deliaortega.adrirodrigom5.es\\\/\",\"logo\":{\"@type\":\"ImageObject\",\"inLanguage\":\"es\",\"@id\":\"https:\\\/\\\/deliaortega.adrirodrigom5.es\\\/#\\\/schema\\\/logo\\\/image\\\/\",\"url\":\"https:\\\/\\\/deliaortega.adrirodrigom5.es\\\/wp-content\\\/uploads\\\/2025\\\/10\\\/logo-4.webp\",\"contentUrl\":\"https:\\\/\\\/deliaortega.adrirodrigom5.es\\\/wp-content\\\/uploads\\\/2025\\\/10\\\/logo-4.webp\",\"width\":1456,\"height\":512,\"caption\":\"Delia Ortega\"},\"image\":{\"@id\":\"https:\\\/\\\/deliaortega.adrirodrigom5.es\\\/#\\\/schema\\\/logo\\\/image\\\/\"}}]}<\/script>\n<!-- \/ Yoast SEO plugin. -->","yoast_head_json":{"title":"Social Speaking - Delia Ortega","robots":{"index":"noindex","follow":"follow","max-snippet":"max-snippet:-1","max-image-preview":"max-image-preview:large","max-video-preview":"max-video-preview:-1"},"og_locale":"es_ES","og_type":"article","og_title":"Social Speaking - Delia Ortega","og_description":"Quiero ayudarte a hablar ingl\u00e9s con soltura y confianza Let\u2019s talk Business Fluidez y confianza para comunicarte en ingl\u00e9s profesional 30\u20ac\/sesi\u00f3n Ver Producto Speaking sessions Desarrolla un ingl\u00e9s natural y seguro para el d\u00eda a d\u00eda 30\u20ac\/sesi\u00f3n Ver Producto","og_url":"https:\/\/deliaortega.adrirodrigom5.es\/es\/social-speaking\/","og_site_name":"Delia Ortega","article_modified_time":"2026-03-09T16:16:21+00:00","og_image":[{"width":1000,"height":600,"url":"https:\/\/deliaortega.adrirodrigom5.es\/wp-content\/uploads\/2026\/01\/img28.webp","type":"image\/webp"}],"twitter_card":"summary_large_image","twitter_misc":{"Tiempo de lectura":"1 minuto"},"schema":{"@context":"https:\/\/schema.org","@graph":[{"@type":"WebPage","@id":"https:\/\/deliaortega.adrirodrigom5.es\/social-speaking\/","url":"https:\/\/deliaortega.adrirodrigom5.es\/social-speaking\/","name":"Social Speaking - Delia Ortega","isPartOf":{"@id":"https:\/\/deliaortega.adrirodrigom5.es\/#website"},"primaryImageOfPage":{"@id":"https:\/\/deliaortega.adrirodrigom5.es\/social-speaking\/#primaryimage"},"image":{"@id":"https:\/\/deliaortega.adrirodrigom5.es\/social-speaking\/#primaryimage"},"thumbnailUrl":"https:\/\/deliaortega.adrirodrigom5.es\/wp-content\/uploads\/2026\/01\/img28.webp","datePublished":"2026-01-19T21:10:49+00:00","dateModified":"2026-03-09T16:16:21+00:00","breadcrumb":{"@id":"https:\/\/deliaortega.adrirodrigom5.es\/social-speaking\/#breadcrumb"},"inLanguage":"es","potentialAction":[{"@type":"ReadAction","target":["https:\/\/deliaortega.adrirodrigom5.es\/social-speaking\/"]}]},{"@type":"ImageObject","inLanguage":"es","@id":"https:\/\/deliaortega.adrirodrigom5.es\/social-speaking\/#primaryimage","url":"https:\/\/deliaortega.adrirodrigom5.es\/wp-content\/uploads\/2026\/01\/img28.webp","contentUrl":"https:\/\/deliaortega.adrirodrigom5.es\/wp-content\/uploads\/2026\/01\/img28.webp"},{"@type":"BreadcrumbList","@id":"https:\/\/deliaortega.adrirodrigom5.es\/social-speaking\/#breadcrumb","itemListElement":[{"@type":"ListItem","position":1,"name":"Portada","item":"https:\/\/deliaortega.adrirodrigom5.es\/"},{"@type":"ListItem","position":2,"name":"Social Speaking"}]},{"@type":"WebSite","@id":"https:\/\/deliaortega.adrirodrigom5.es\/#website","url":"https:\/\/deliaortega.adrirodrigom5.es\/","name":"Delia Ortega","description":"English with a New York Twist!","publisher":{"@id":"https:\/\/deliaortega.adrirodrigom5.es\/#organization"},"potentialAction":[{"@type":"SearchAction","target":{"@type":"EntryPoint","urlTemplate":"https:\/\/deliaortega.adrirodrigom5.es\/?s={search_term_string}"},"query-input":{"@type":"PropertyValueSpecification","valueRequired":true,"valueName":"search_term_string"}}],"inLanguage":"es"},{"@type":"Organization","@id":"https:\/\/deliaortega.adrirodrigom5.es\/#organization","name":"Delia Ortega","url":"https:\/\/deliaortega.adrirodrigom5.es\/","logo":{"@type":"ImageObject","inLanguage":"es","@id":"https:\/\/deliaortega.adrirodrigom5.es\/#\/schema\/logo\/image\/","url":"https:\/\/deliaortega.adrirodrigom5.es\/wp-content\/uploads\/2025\/10\/logo-4.webp","contentUrl":"https:\/\/deliaortega.adrirodrigom5.es\/wp-content\/uploads\/2025\/10\/logo-4.webp","width":1456,"height":512,"caption":"Delia Ortega"},"image":{"@id":"https:\/\/deliaortega.adrirodrigom5.es\/#\/schema\/logo\/image\/"}}]}},"_links":{"self":[{"href":"https:\/\/deliaortega.adrirodrigom5.es\/es\/wp-json\/wp\/v2\/pages\/866","targetHints":{"allow":["GET"]}}],"collection":[{"href":"https:\/\/deliaortega.adrirodrigom5.es\/es\/wp-json\/wp\/v2\/pages"}],"about":[{"href":"https:\/\/deliaortega.adrirodrigom5.es\/es\/wp-json\/wp\/v2\/types\/page"}],"author":[{"embeddable":true,"href":"https:\/\/deliaortega.adrirodrigom5.es\/es\/wp-json\/wp\/v2\/users\/7"}],"replies":[{"embeddable":true,"href":"https:\/\/deliaortega.adrirodrigom5.es\/es\/wp-json\/wp\/v2\/comments?post=866"}],"version-history":[{"count":20,"href":"https:\/\/deliaortega.adrirodrigom5.es\/es\/wp-json\/wp\/v2\/pages\/866\/revisions"}],"predecessor-version":[{"id":1093,"href":"https:\/\/deliaortega.adrirodrigom5.es\/es\/wp-json\/wp\/v2\/pages\/866\/revisions\/1093"}],"wp:attachment":[{"href":"https:\/\/deliaortega.adrirodrigom5.es\/es\/wp-json\/wp\/v2\/media?parent=866"}],"curies":[{"name":"wp","href":"https:\/\/api.w.org\/{rel}","templated":true}]}}