{"id":12,"date":"2025-06-19T16:51:56","date_gmt":"2025-06-19T14:51:56","guid":{"rendered":"https:\/\/deliaortega.adrirodrigom5.es\/?page_id=12"},"modified":"2026-01-30T00:11:42","modified_gmt":"2026-01-29T23:11:42","slug":"cookies","status":"publish","type":"page","link":"https:\/\/deliaortega.adrirodrigom5.es\/es\/cookies\/","title":{"rendered":"Pol\u00edtica de cookies"},"content":{"rendered":"\t\t<div data-elementor-type=\"wp-page\" data-elementor-id=\"12\" class=\"elementor elementor-12\" data-elementor-post-type=\"page\">\n\t\t\t\t<div class=\"elementor-element elementor-element-72295e0 e-flex e-con-boxed e-con e-parent\" data-id=\"72295e0\" data-element_type=\"container\" data-e-type=\"container\" data-settings=\"{&quot;background_background&quot;:&quot;classic&quot;,&quot;jet_parallax_layout_list&quot;:[]}\">\n\t\t\t\t\t<div class=\"e-con-inner\">\n\t\t<div class=\"elementor-element elementor-element-1c15810 e-con-full e-flex e-con e-child\" data-id=\"1c15810\" data-element_type=\"container\" data-e-type=\"container\" data-settings=\"{&quot;background_background&quot;:&quot;classic&quot;,&quot;jet_parallax_layout_list&quot;:[]}\">\n\t\t\t\t<\/div>\n\t\t\t\t\t<\/div>\n\t\t\t\t<\/div>\n\t\t<div class=\"elementor-element elementor-element-fc78914 e-flex e-con-boxed e-con e-parent\" data-id=\"fc78914\" data-element_type=\"container\" data-e-type=\"container\" data-settings=\"{&quot;jet_parallax_layout_list&quot;:[]}\">\n\t\t\t\t\t<div class=\"e-con-inner\">\n\t\t<div class=\"elementor-element elementor-element-1bce082 e-con-full e-flex elementor-invisible e-con e-child\" data-id=\"1bce082\" data-element_type=\"container\" data-e-type=\"container\" data-settings=\"{&quot;animation&quot;:&quot;slideInUp&quot;,&quot;jet_parallax_layout_list&quot;:[]}\">\n\t\t\t\t<div class=\"elementor-element elementor-element-ca82985 elementor-widget elementor-widget-text-editor\" data-id=\"ca82985\" data-element_type=\"widget\" data-e-type=\"widget\" data-widget_type=\"text-editor.default\">\n\t\t\t\t<div class=\"elementor-widget-container\">\n\t\t\t\t\t\t\t\t\t<p>En cumplimiento con lo dispuesto en la Ley 34\/2002, de 11 de julio, de Servicios de la Sociedad de la Informaci\u00f3n y del Comercio Electr\u00f3nico (LSSI-CE), y en el Reglamento (UE) 2016\/679 (RGPD), se informa a los usuarios sobre el uso de cookies en el sitio web <strong>Delia Ortega \u2013 The Big Apple<\/strong>.<\/p><h4>\u00bfQu\u00e9 son las cookies?<\/h4><p>Las cookies son peque\u00f1os archivos que se descargan en el dispositivo del usuario (ordenador, smartphone o tablet) al acceder a determinadas p\u00e1ginas web. Su finalidad es almacenar informaci\u00f3n que permite mejorar la experiencia de navegaci\u00f3n, recordar preferencias o analizar h\u00e1bitos de uso del sitio web.<\/p><h4>Tipos de cookies utilizadas<\/h4><p>En este sitio web se pueden utilizar los siguientes tipos de cookies:<\/p><ul><li><strong>Cookies t\u00e9cnicas:<\/strong> necesarias para el correcto funcionamiento del sitio web y la prestaci\u00f3n de los servicios ofrecidos.<\/li><li><strong>Cookies de personalizaci\u00f3n:<\/strong> permiten recordar las preferencias del usuario, como el idioma o la regi\u00f3n desde la que accede.<\/li><li><strong>Cookies de an\u00e1lisis:<\/strong> permiten realizar un seguimiento y an\u00e1lisis del comportamiento de los usuarios en el sitio web, con el fin de mejorar su funcionamiento y los servicios ofrecidos.<\/li><li><strong>Cookies de terceros:<\/strong> pueden instalarse cuando el sitio utiliza servicios externos, como Google Analytics, YouTube, o redes sociales, para mostrar contenido o estad\u00edsticas.<\/li><\/ul><h4>Cookies utilizadas en este sitio web<\/h4><p>El sitio web <strong>Delia Ortega \u2013 The Big Apple<\/strong> puede utilizar las siguientes cookies:<\/p><ul><li><strong>_ga, _gid, _gat<\/strong> (Google Analytics): se utilizan para analizar la navegaci\u00f3n de los usuarios y mejorar la experiencia del sitio web. M\u00e1s informaci\u00f3n en <span style=\"color: #000000;\"><a style=\"color: #000000;\" href=\"https:\/\/policies.google.com\/privacy\" target=\"_blank\" rel=\"noopener noreferrer\">pol\u00edtica de privacidad de Google<\/a>.<\/span><\/li><li><strong>cookie_notice_accepted<\/strong>: almacena la aceptaci\u00f3n del uso de cookies por parte del usuario.<\/li><li><strong>PHPSESSID<\/strong>: cookie t\u00e9cnica que permite mantener la sesi\u00f3n del usuario activa durante la navegaci\u00f3n.<\/li><\/ul><h4>Consentimiento<\/h4><p>Al acceder a este sitio web, el usuario ver\u00e1 un aviso o banner informativo sobre el uso de cookies. Al continuar navegando o al hacer clic en \u201cAceptar\u201d, se considera que presta su consentimiento para la instalaci\u00f3n de las cookies descritas en esta Pol\u00edtica.<\/p><h4>Gesti\u00f3n y eliminaci\u00f3n de cookies<\/h4><p>El usuario puede permitir, bloquear o eliminar las cookies instaladas en su dispositivo configurando las opciones de su navegador. A continuaci\u00f3n se ofrecen enlaces con informaci\u00f3n sobre c\u00f3mo hacerlo en los navegadores m\u00e1s utilizados:<\/p><ul><li><span style=\"color: #000000;\"><a style=\"color: #000000;\" href=\"https:\/\/support.google.com\/chrome\/answer\/95647?hl=es\" target=\"_blank\" rel=\"noopener noreferrer\">Google Chrome<\/a><\/span><\/li><li><span style=\"color: #000000;\"><a style=\"color: #000000;\" href=\"https:\/\/support.mozilla.org\/es\/kb\/Borrar%20cookies\" target=\"_blank\" rel=\"noopener noreferrer\">Mozilla Firefox<\/a><\/span><\/li><li><span style=\"color: #000000;\"><a style=\"color: #000000;\" href=\"https:\/\/support.microsoft.com\/es-es\/help\/17442\/windows-internet-explorer-delete-manage-cookies\" target=\"_blank\" rel=\"noopener noreferrer\">Internet Explorer<\/a><\/span><\/li><li><span style=\"color: #000000;\"><a style=\"color: #000000;\" href=\"https:\/\/support.apple.com\/es-es\/guide\/safari\/sfri11471\/mac\" target=\"_blank\" rel=\"noopener noreferrer\">Safari<\/a><\/span><\/li><li><span style=\"color: #000000;\"><a style=\"color: #000000;\" href=\"https:\/\/help.opera.com\/en\/latest\/web-preferences\/#cookies\" target=\"_blank\" rel=\"noopener noreferrer\">Opera<\/a><\/span><\/li><\/ul><h4>Desactivaci\u00f3n de cookies<\/h4><p>Ten en cuenta que la desactivaci\u00f3n de determinadas cookies puede afectar al correcto funcionamiento del sitio web o impedir el acceso a algunos de sus servicios o contenidos.<\/p><h4>Modificaci\u00f3n de la pol\u00edtica de cookies<\/h4><p><strong>Delia Ortega \u2013 The Big Apple<\/strong> podr\u00e1 actualizar la presente Pol\u00edtica de Cookies en cualquier momento, en funci\u00f3n de nuevas exigencias legislativas o por cambios en la configuraci\u00f3n de las cookies utilizadas. Las modificaciones se publicar\u00e1n en esta misma p\u00e1gina y ser\u00e1n efectivas desde el momento de su actualizaci\u00f3n.<\/p><h4>Contacto<\/h4><p>Para cualquier duda o consulta sobre esta Pol\u00edtica de Cookies, el usuario puede contactar a trav\u00e9s del correo electr\u00f3nico: <span style=\"color: #000000;\"><a style=\"color: #000000;\" href=\"mailto:info@deliaortega.com\">info@deliaortega.com<\/a>.<\/span><\/p>\t\t\t\t\t\t\t\t<\/div>\n\t\t\t\t<\/div>\n\t\t\t\t<\/div>\n\t\t\t\t\t<\/div>\n\t\t\t\t<\/div>\n\t\t\t\t<\/div>\n\t\t","protected":false},"excerpt":{"rendered":"<p>En cumplimiento con lo dispuesto en la Ley 34\/2002, de 11 de julio, de Servicios de la Sociedad de la Informaci\u00f3n y del Comercio Electr\u00f3nico (LSSI-CE), y en el Reglamento (UE) 2016\/679 (RGPD), se informa a los usuarios sobre el uso de cookies en el sitio web Delia Ortega \u2013 The Big Apple. \u00bfQu\u00e9 son [&hellip;]<\/p>\n","protected":false},"author":2,"featured_media":0,"parent":0,"menu_order":0,"comment_status":"closed","ping_status":"closed","template":"elementor_header_footer","meta":{"_joinchat":[],"footnotes":""},"class_list":["post-12","page","type-page","status-publish","hentry"],"yoast_head":"<!-- This site is optimized with the Yoast SEO plugin v27.3 - https:\/\/yoast.com\/product\/yoast-seo-wordpress\/ -->\n<title>Pol\u00edtica de cookies - Delia Ortega<\/title>\n<meta name=\"robots\" content=\"noindex, follow\" \/>\n<meta property=\"og:locale\" content=\"es_ES\" \/>\n<meta property=\"og:type\" content=\"article\" \/>\n<meta property=\"og:title\" content=\"Pol\u00edtica de cookies - Delia Ortega\" \/>\n<meta property=\"og:description\" content=\"En cumplimiento con lo dispuesto en la Ley 34\/2002, de 11 de julio, de Servicios de la Sociedad de la Informaci\u00f3n y del Comercio Electr\u00f3nico (LSSI-CE), y en el Reglamento (UE) 2016\/679 (RGPD), se informa a los usuarios sobre el uso de cookies en el sitio web Delia Ortega \u2013 The Big Apple. \u00bfQu\u00e9 son [&hellip;]\" \/>\n<meta property=\"og:url\" content=\"https:\/\/deliaortega.adrirodrigom5.es\/es\/cookies\/\" \/>\n<meta property=\"og:site_name\" content=\"Delia Ortega\" \/>\n<meta property=\"article:modified_time\" content=\"2026-01-29T23:11:42+00:00\" \/>\n<meta name=\"twitter:card\" content=\"summary_large_image\" \/>\n<meta name=\"twitter:label1\" content=\"Tiempo de lectura\" \/>\n\t<meta name=\"twitter:data1\" content=\"3 minutos\" \/>\n<script type=\"application\/ld+json\" class=\"yoast-schema-graph\">{\"@context\":\"https:\\\/\\\/schema.org\",\"@graph\":[{\"@type\":\"WebPage\",\"@id\":\"https:\\\/\\\/deliaortega.adrirodrigom5.es\\\/cookies\\\/\",\"url\":\"https:\\\/\\\/deliaortega.adrirodrigom5.es\\\/cookies\\\/\",\"name\":\"Pol\u00edtica de cookies - Delia Ortega\",\"isPartOf\":{\"@id\":\"https:\\\/\\\/deliaortega.adrirodrigom5.es\\\/#website\"},\"datePublished\":\"2025-06-19T14:51:56+00:00\",\"dateModified\":\"2026-01-29T23:11:42+00:00\",\"breadcrumb\":{\"@id\":\"https:\\\/\\\/deliaortega.adrirodrigom5.es\\\/cookies\\\/#breadcrumb\"},\"inLanguage\":\"es\",\"potentialAction\":[{\"@type\":\"ReadAction\",\"target\":[\"https:\\\/\\\/deliaortega.adrirodrigom5.es\\\/cookies\\\/\"]}]},{\"@type\":\"BreadcrumbList\",\"@id\":\"https:\\\/\\\/deliaortega.adrirodrigom5.es\\\/cookies\\\/#breadcrumb\",\"itemListElement\":[{\"@type\":\"ListItem\",\"position\":1,\"name\":\"Portada\",\"item\":\"https:\\\/\\\/deliaortega.adrirodrigom5.es\\\/\"},{\"@type\":\"ListItem\",\"position\":2,\"name\":\"Pol\u00edtica de cookies\"}]},{\"@type\":\"WebSite\",\"@id\":\"https:\\\/\\\/deliaortega.adrirodrigom5.es\\\/#website\",\"url\":\"https:\\\/\\\/deliaortega.adrirodrigom5.es\\\/\",\"name\":\"Delia Ortega\",\"description\":\"English with a New York Twist!\",\"publisher\":{\"@id\":\"https:\\\/\\\/deliaortega.adrirodrigom5.es\\\/#organization\"},\"potentialAction\":[{\"@type\":\"SearchAction\",\"target\":{\"@type\":\"EntryPoint\",\"urlTemplate\":\"https:\\\/\\\/deliaortega.adrirodrigom5.es\\\/?s={search_term_string}\"},\"query-input\":{\"@type\":\"PropertyValueSpecification\",\"valueRequired\":true,\"valueName\":\"search_term_string\"}}],\"inLanguage\":\"es\"},{\"@type\":\"Organization\",\"@id\":\"https:\\\/\\\/deliaortega.adrirodrigom5.es\\\/#organization\",\"name\":\"Delia Ortega\",\"url\":\"https:\\\/\\\/deliaortega.adrirodrigom5.es\\\/\",\"logo\":{\"@type\":\"ImageObject\",\"inLanguage\":\"es\",\"@id\":\"https:\\\/\\\/deliaortega.adrirodrigom5.es\\\/#\\\/schema\\\/logo\\\/image\\\/\",\"url\":\"https:\\\/\\\/deliaortega.adrirodrigom5.es\\\/wp-content\\\/uploads\\\/2025\\\/10\\\/logo-4.webp\",\"contentUrl\":\"https:\\\/\\\/deliaortega.adrirodrigom5.es\\\/wp-content\\\/uploads\\\/2025\\\/10\\\/logo-4.webp\",\"width\":1456,\"height\":512,\"caption\":\"Delia Ortega\"},\"image\":{\"@id\":\"https:\\\/\\\/deliaortega.adrirodrigom5.es\\\/#\\\/schema\\\/logo\\\/image\\\/\"}}]}<\/script>\n<!-- \/ Yoast SEO plugin. -->","yoast_head_json":{"title":"Pol\u00edtica de cookies - Delia Ortega","robots":{"index":"noindex","follow":"follow"},"og_locale":"es_ES","og_type":"article","og_title":"Pol\u00edtica de cookies - Delia Ortega","og_description":"En cumplimiento con lo dispuesto en la Ley 34\/2002, de 11 de julio, de Servicios de la Sociedad de la Informaci\u00f3n y del Comercio Electr\u00f3nico (LSSI-CE), y en el Reglamento (UE) 2016\/679 (RGPD), se informa a los usuarios sobre el uso de cookies en el sitio web Delia Ortega \u2013 The Big Apple. \u00bfQu\u00e9 son [&hellip;]","og_url":"https:\/\/deliaortega.adrirodrigom5.es\/es\/cookies\/","og_site_name":"Delia Ortega","article_modified_time":"2026-01-29T23:11:42+00:00","twitter_card":"summary_large_image","twitter_misc":{"Tiempo de lectura":"3 minutos"},"schema":{"@context":"https:\/\/schema.org","@graph":[{"@type":"WebPage","@id":"https:\/\/deliaortega.adrirodrigom5.es\/cookies\/","url":"https:\/\/deliaortega.adrirodrigom5.es\/cookies\/","name":"Pol\u00edtica de cookies - Delia Ortega","isPartOf":{"@id":"https:\/\/deliaortega.adrirodrigom5.es\/#website"},"datePublished":"2025-06-19T14:51:56+00:00","dateModified":"2026-01-29T23:11:42+00:00","breadcrumb":{"@id":"https:\/\/deliaortega.adrirodrigom5.es\/cookies\/#breadcrumb"},"inLanguage":"es","potentialAction":[{"@type":"ReadAction","target":["https:\/\/deliaortega.adrirodrigom5.es\/cookies\/"]}]},{"@type":"BreadcrumbList","@id":"https:\/\/deliaortega.adrirodrigom5.es\/cookies\/#breadcrumb","itemListElement":[{"@type":"ListItem","position":1,"name":"Portada","item":"https:\/\/deliaortega.adrirodrigom5.es\/"},{"@type":"ListItem","position":2,"name":"Pol\u00edtica de cookies"}]},{"@type":"WebSite","@id":"https:\/\/deliaortega.adrirodrigom5.es\/#website","url":"https:\/\/deliaortega.adrirodrigom5.es\/","name":"Delia Ortega","description":"English with a New York Twist!","publisher":{"@id":"https:\/\/deliaortega.adrirodrigom5.es\/#organization"},"potentialAction":[{"@type":"SearchAction","target":{"@type":"EntryPoint","urlTemplate":"https:\/\/deliaortega.adrirodrigom5.es\/?s={search_term_string}"},"query-input":{"@type":"PropertyValueSpecification","valueRequired":true,"valueName":"search_term_string"}}],"inLanguage":"es"},{"@type":"Organization","@id":"https:\/\/deliaortega.adrirodrigom5.es\/#organization","name":"Delia Ortega","url":"https:\/\/deliaortega.adrirodrigom5.es\/","logo":{"@type":"ImageObject","inLanguage":"es","@id":"https:\/\/deliaortega.adrirodrigom5.es\/#\/schema\/logo\/image\/","url":"https:\/\/deliaortega.adrirodrigom5.es\/wp-content\/uploads\/2025\/10\/logo-4.webp","contentUrl":"https:\/\/deliaortega.adrirodrigom5.es\/wp-content\/uploads\/2025\/10\/logo-4.webp","width":1456,"height":512,"caption":"Delia Ortega"},"image":{"@id":"https:\/\/deliaortega.adrirodrigom5.es\/#\/schema\/logo\/image\/"}}]}},"_links":{"self":[{"href":"https:\/\/deliaortega.adrirodrigom5.es\/es\/wp-json\/wp\/v2\/pages\/12","targetHints":{"allow":["GET"]}}],"collection":[{"href":"https:\/\/deliaortega.adrirodrigom5.es\/es\/wp-json\/wp\/v2\/pages"}],"about":[{"href":"https:\/\/deliaortega.adrirodrigom5.es\/es\/wp-json\/wp\/v2\/types\/page"}],"author":[{"embeddable":true,"href":"https:\/\/deliaortega.adrirodrigom5.es\/es\/wp-json\/wp\/v2\/users\/2"}],"replies":[{"embeddable":true,"href":"https:\/\/deliaortega.adrirodrigom5.es\/es\/wp-json\/wp\/v2\/comments?post=12"}],"version-history":[{"count":11,"href":"https:\/\/deliaortega.adrirodrigom5.es\/es\/wp-json\/wp\/v2\/pages\/12\/revisions"}],"predecessor-version":[{"id":1066,"href":"https:\/\/deliaortega.adrirodrigom5.es\/es\/wp-json\/wp\/v2\/pages\/12\/revisions\/1066"}],"wp:attachment":[{"href":"https:\/\/deliaortega.adrirodrigom5.es\/es\/wp-json\/wp\/v2\/media?parent=12"}],"curies":[{"name":"wp","href":"https:\/\/api.w.org\/{rel}","templated":true}]}}