{"id":3,"date":"2025-06-19T16:39:29","date_gmt":"2025-06-19T14:39:29","guid":{"rendered":"https:\/\/deliaortega.adrirodrigom5.es\/?page_id=3"},"modified":"2026-01-30T00:11:17","modified_gmt":"2026-01-29T23:11:17","slug":"privacidad","status":"publish","type":"page","link":"https:\/\/deliaortega.adrirodrigom5.es\/en\/privacidad\/","title":{"rendered":"Pol\u00edtica de privacidad"},"content":{"rendered":"<div data-elementor-type=\"wp-page\" data-elementor-id=\"3\" class=\"elementor elementor-3\" data-elementor-post-type=\"page\">\n\t\t\t\t<div class=\"elementor-element elementor-element-6465eca e-flex e-con-boxed e-con e-parent\" data-id=\"6465eca\" data-element_type=\"container\" data-e-type=\"container\" data-settings=\"{&quot;background_background&quot;:&quot;classic&quot;,&quot;jet_parallax_layout_list&quot;:[]}\">\n\t\t\t\t\t<div class=\"e-con-inner\">\n\t\t<div class=\"elementor-element elementor-element-d565d14 e-con-full e-flex e-con e-child\" data-id=\"d565d14\" data-element_type=\"container\" data-e-type=\"container\" data-settings=\"{&quot;background_background&quot;:&quot;classic&quot;,&quot;jet_parallax_layout_list&quot;:[]}\">\n\t\t\t\t<\/div>\n\t\t\t\t\t<\/div>\n\t\t\t\t<\/div>\n\t\t<div class=\"elementor-element elementor-element-1585ee5 e-flex e-con-boxed e-con e-parent\" data-id=\"1585ee5\" data-element_type=\"container\" data-e-type=\"container\" data-settings=\"{&quot;jet_parallax_layout_list&quot;:[]}\">\n\t\t\t\t\t<div class=\"e-con-inner\">\n\t\t<div class=\"elementor-element elementor-element-1eee336 e-con-full e-flex elementor-invisible e-con e-child\" data-id=\"1eee336\" data-element_type=\"container\" data-e-type=\"container\" data-settings=\"{&quot;animation&quot;:&quot;slideInUp&quot;,&quot;jet_parallax_layout_list&quot;:[]}\">\n\t\t\t\t<div class=\"elementor-element elementor-element-2838ec4 elementor-widget elementor-widget-text-editor\" data-id=\"2838ec4\" data-element_type=\"widget\" data-e-type=\"widget\" data-widget_type=\"text-editor.default\">\n\t\t\t\t<div class=\"elementor-widget-container\">\n\t\t\t\t\t\t\t\t\t<p>En cumplimiento de lo dispuesto en el Reglamento (UE) 2016\/679 del Parlamento Europeo y del Consejo, de 27 de abril de 2016 (RGPD), y en la Ley Org\u00e1nica 3\/2018, de 5 de diciembre, de Protecci\u00f3n de Datos Personales y garant\u00eda de los derechos digitales (LOPDGDD), se informa a los usuarios sobre la pol\u00edtica de tratamiento y protecci\u00f3n de los datos personales recabados a trav\u00e9s del sitio web <strong>Delia Ortega \u2013 The Big Apple<\/strong>.<\/p><h4>Identidad de la responsable<\/h4><p><strong>Titular:<\/strong> Delia Ortega<br \/><strong>Nombre comercial:<\/strong> The Big Apple<br \/><strong>Correo electr\u00f3nico:<\/strong> info@deliaortega.com<br \/><strong>Sede:<\/strong> Espa\u00f1a (servicios online)<br \/><strong>Actividad:<\/strong> Formaci\u00f3n y ense\u00f1anza de ingl\u00e9s<\/p><h4>Finalidad del tratamiento<\/h4><p>Los datos personales que el usuario facilite a trav\u00e9s de los formularios de este sitio web ser\u00e1n utilizados con las siguientes finalidades:<\/p><ul><li>Responder a solicitudes de informaci\u00f3n o consultas enviadas por el usuario.<\/li><li>Gestionar las inscripciones a cursos, talleres, webinars o actividades formativas.<\/li><li>Remitir comunicaciones relacionadas con los servicios de la marca <strong>The Big Apple<\/strong> (solo en caso de consentimiento expreso).<\/li><li>Gestionar el acceso y uso de recursos educativos o descargas disponibles en el sitio web.<\/li><\/ul><h4>Base legal para el tratamiento<\/h4><p>La base legal que legitima el tratamiento de los datos personales es:<\/p><ul><li><strong>El consentimiento del interesado<\/strong>, otorgado al completar y enviar los formularios disponibles en el sitio web.<\/li><li><strong>La ejecuci\u00f3n de un contrato<\/strong>, cuando el usuario contrata un curso o servicio de formaci\u00f3n.<\/li><li><strong>El cumplimiento de obligaciones legales<\/strong> derivadas de la normativa vigente.<\/li><\/ul><h4>Conservaci\u00f3n de los datos<\/h4><p>Los datos personales proporcionados se conservar\u00e1n durante el tiempo necesario para cumplir la finalidad para la que fueron recabados o mientras el usuario no solicite su supresi\u00f3n. En el caso de comunicaciones comerciales, los datos se mantendr\u00e1n mientras el usuario no retire su consentimiento.<\/p><h4>Destinatarios de los datos<\/h4><p>Los datos personales no ser\u00e1n cedidos a terceros, salvo obligaci\u00f3n legal o cuando sea necesario para la prestaci\u00f3n de un servicio contratado (por ejemplo, plataformas de pago o herramientas de email marketing que cumplan con el RGPD).<\/p><h4>Derechos de los usuarios<\/h4><p>El usuario puede ejercer en cualquier momento los siguientes derechos en materia de protecci\u00f3n de datos:<\/p><ul><li>Derecho de acceso a sus datos personales.<\/li><li>Derecho de rectificaci\u00f3n de datos inexactos o incompletos.<\/li><li>Derecho de supresi\u00f3n o cancelaci\u00f3n de sus datos (\u201cderecho al olvido\u201d).<\/li><li>Derecho de oposici\u00f3n al tratamiento de sus datos.<\/li><li>Derecho a la limitaci\u00f3n del tratamiento.<\/li><li>Derecho a la portabilidad de los datos.<\/li><\/ul><p>Para ejercer estos derechos, el usuario deber\u00e1 enviar una solicitud al correo electr\u00f3nico<span style=\"color: #000000;\"> <a style=\"color: #000000;\" href=\"mailto:info@deliaortega.com\">info@deliaortega.com<\/a>,<\/span> indicando el derecho que desea ejercer e incluyendo una copia de su documento de identidad.<\/p><h4>Medidas de seguridad<\/h4><p><strong>Delia Ortega \u2013 The Big Apple<\/strong> aplica las medidas t\u00e9cnicas y organizativas necesarias para garantizar la seguridad de los datos personales y evitar su alteraci\u00f3n, p\u00e9rdida, tratamiento o acceso no autorizado, de acuerdo con la normativa vigente.<\/p><h4>Comunicaciones comerciales<\/h4><p>Solo se enviar\u00e1n comunicaciones comerciales a los usuarios que lo autoricen expresamente al marcar la casilla correspondiente en los formularios del sitio web. El usuario podr\u00e1 darse de baja en cualquier momento mediante el enlace incluido en dichos correos o escribiendo a <span style=\"color: #000000;\"><a style=\"color: #000000;\" href=\"mailto:info@deliaortega.com\">info@deliaortega.com<\/a>.<\/span><\/p><h4>Modificaciones de la pol\u00edtica de privacidad<\/h4><p>La titular se reserva el derecho de modificar la presente Pol\u00edtica de Privacidad en cualquier momento para adaptarla a novedades legislativas o cambios en la actividad. En caso de modificaci\u00f3n, se publicar\u00e1 en esta misma p\u00e1gina y ser\u00e1 aplicable desde su actualizaci\u00f3n.<\/p><h4>Contacto<\/h4><p>Para cualquier duda o consulta relacionada con la protecci\u00f3n de datos personales, el usuario puede contactar a trav\u00e9s del correo electr\u00f3nico: <span style=\"color: #000000;\"><a style=\"color: #000000;\" href=\"mailto:info@deliaortega.com\">info@deliaortega.com<\/a>.<\/span><\/p>\t\t\t\t\t\t\t\t<\/div>\n\t\t\t\t<\/div>\n\t\t\t\t<\/div>\n\t\t\t\t\t<\/div>\n\t\t\t\t<\/div>\n\t\t\t\t<\/div>","protected":false},"excerpt":{"rendered":"<p>En cumplimiento de lo dispuesto en el Reglamento (UE) 2016\/679 del Parlamento Europeo y del Consejo, de 27 de abril de 2016 (RGPD), y en la Ley Org\u00e1nica 3\/2018, de 5 de diciembre, de Protecci\u00f3n de Datos Personales y garant\u00eda de los derechos digitales (LOPDGDD), se informa a los usuarios sobre la pol\u00edtica de tratamiento [&hellip;]<\/p>\n","protected":false},"author":2,"featured_media":0,"parent":0,"menu_order":0,"comment_status":"closed","ping_status":"open","template":"elementor_header_footer","meta":{"_joinchat":[],"footnotes":""},"class_list":["post-3","page","type-page","status-publish","hentry"],"yoast_head":"<!-- This site is optimized with the Yoast SEO plugin v27.3 - https:\/\/yoast.com\/product\/yoast-seo-wordpress\/ -->\n<title>Pol\u00edtica de privacidad - Delia Ortega<\/title>\n<meta name=\"robots\" content=\"noindex, follow\" \/>\n<meta property=\"og:locale\" content=\"en_US\" \/>\n<meta property=\"og:type\" content=\"article\" \/>\n<meta property=\"og:title\" content=\"Pol\u00edtica de privacidad - Delia Ortega\" \/>\n<meta property=\"og:description\" content=\"En cumplimiento de lo dispuesto en el Reglamento (UE) 2016\/679 del Parlamento Europeo y del Consejo, de 27 de abril de 2016 (RGPD), y en la Ley Org\u00e1nica 3\/2018, de 5 de diciembre, de Protecci\u00f3n de Datos Personales y garant\u00eda de los derechos digitales (LOPDGDD), se informa a los usuarios sobre la pol\u00edtica de tratamiento [&hellip;]\" \/>\n<meta property=\"og:url\" content=\"https:\/\/deliaortega.adrirodrigom5.es\/en\/privacidad\/\" \/>\n<meta property=\"og:site_name\" content=\"Delia Ortega\" \/>\n<meta property=\"article:modified_time\" content=\"2026-01-29T23:11:17+00:00\" \/>\n<meta name=\"twitter:card\" content=\"summary_large_image\" \/>\n<meta name=\"twitter:label1\" content=\"Est. reading time\" \/>\n\t<meta name=\"twitter:data1\" content=\"3 minutes\" \/>\n<script type=\"application\/ld+json\" class=\"yoast-schema-graph\">{\"@context\":\"https:\\\/\\\/schema.org\",\"@graph\":[{\"@type\":\"WebPage\",\"@id\":\"https:\\\/\\\/deliaortega.adrirodrigom5.es\\\/privacidad\\\/\",\"url\":\"https:\\\/\\\/deliaortega.adrirodrigom5.es\\\/privacidad\\\/\",\"name\":\"Pol\u00edtica de privacidad - Delia Ortega\",\"isPartOf\":{\"@id\":\"https:\\\/\\\/deliaortega.adrirodrigom5.es\\\/#website\"},\"datePublished\":\"2025-06-19T14:39:29+00:00\",\"dateModified\":\"2026-01-29T23:11:17+00:00\",\"breadcrumb\":{\"@id\":\"https:\\\/\\\/deliaortega.adrirodrigom5.es\\\/privacidad\\\/#breadcrumb\"},\"inLanguage\":\"en-US\",\"potentialAction\":[{\"@type\":\"ReadAction\",\"target\":[\"https:\\\/\\\/deliaortega.adrirodrigom5.es\\\/privacidad\\\/\"]}]},{\"@type\":\"BreadcrumbList\",\"@id\":\"https:\\\/\\\/deliaortega.adrirodrigom5.es\\\/privacidad\\\/#breadcrumb\",\"itemListElement\":[{\"@type\":\"ListItem\",\"position\":1,\"name\":\"Portada\",\"item\":\"https:\\\/\\\/deliaortega.adrirodrigom5.es\\\/\"},{\"@type\":\"ListItem\",\"position\":2,\"name\":\"Pol\u00edtica de privacidad\"}]},{\"@type\":\"WebSite\",\"@id\":\"https:\\\/\\\/deliaortega.adrirodrigom5.es\\\/#website\",\"url\":\"https:\\\/\\\/deliaortega.adrirodrigom5.es\\\/\",\"name\":\"Delia Ortega\",\"description\":\"English with a New York Twist!\",\"publisher\":{\"@id\":\"https:\\\/\\\/deliaortega.adrirodrigom5.es\\\/#organization\"},\"potentialAction\":[{\"@type\":\"SearchAction\",\"target\":{\"@type\":\"EntryPoint\",\"urlTemplate\":\"https:\\\/\\\/deliaortega.adrirodrigom5.es\\\/?s={search_term_string}\"},\"query-input\":{\"@type\":\"PropertyValueSpecification\",\"valueRequired\":true,\"valueName\":\"search_term_string\"}}],\"inLanguage\":\"en-US\"},{\"@type\":\"Organization\",\"@id\":\"https:\\\/\\\/deliaortega.adrirodrigom5.es\\\/#organization\",\"name\":\"Delia Ortega\",\"url\":\"https:\\\/\\\/deliaortega.adrirodrigom5.es\\\/\",\"logo\":{\"@type\":\"ImageObject\",\"inLanguage\":\"en-US\",\"@id\":\"https:\\\/\\\/deliaortega.adrirodrigom5.es\\\/#\\\/schema\\\/logo\\\/image\\\/\",\"url\":\"https:\\\/\\\/deliaortega.adrirodrigom5.es\\\/wp-content\\\/uploads\\\/2025\\\/10\\\/logo-4.webp\",\"contentUrl\":\"https:\\\/\\\/deliaortega.adrirodrigom5.es\\\/wp-content\\\/uploads\\\/2025\\\/10\\\/logo-4.webp\",\"width\":1456,\"height\":512,\"caption\":\"Delia Ortega\"},\"image\":{\"@id\":\"https:\\\/\\\/deliaortega.adrirodrigom5.es\\\/#\\\/schema\\\/logo\\\/image\\\/\"}}]}<\/script>\n<!-- \/ Yoast SEO plugin. -->","yoast_head_json":{"title":"Pol\u00edtica de privacidad - Delia Ortega","robots":{"index":"noindex","follow":"follow"},"og_locale":"en_US","og_type":"article","og_title":"Pol\u00edtica de privacidad - Delia Ortega","og_description":"En cumplimiento de lo dispuesto en el Reglamento (UE) 2016\/679 del Parlamento Europeo y del Consejo, de 27 de abril de 2016 (RGPD), y en la Ley Org\u00e1nica 3\/2018, de 5 de diciembre, de Protecci\u00f3n de Datos Personales y garant\u00eda de los derechos digitales (LOPDGDD), se informa a los usuarios sobre la pol\u00edtica de tratamiento [&hellip;]","og_url":"https:\/\/deliaortega.adrirodrigom5.es\/en\/privacidad\/","og_site_name":"Delia Ortega","article_modified_time":"2026-01-29T23:11:17+00:00","twitter_card":"summary_large_image","twitter_misc":{"Est. reading time":"3 minutes"},"schema":{"@context":"https:\/\/schema.org","@graph":[{"@type":"WebPage","@id":"https:\/\/deliaortega.adrirodrigom5.es\/privacidad\/","url":"https:\/\/deliaortega.adrirodrigom5.es\/privacidad\/","name":"Pol\u00edtica de privacidad - Delia Ortega","isPartOf":{"@id":"https:\/\/deliaortega.adrirodrigom5.es\/#website"},"datePublished":"2025-06-19T14:39:29+00:00","dateModified":"2026-01-29T23:11:17+00:00","breadcrumb":{"@id":"https:\/\/deliaortega.adrirodrigom5.es\/privacidad\/#breadcrumb"},"inLanguage":"en-US","potentialAction":[{"@type":"ReadAction","target":["https:\/\/deliaortega.adrirodrigom5.es\/privacidad\/"]}]},{"@type":"BreadcrumbList","@id":"https:\/\/deliaortega.adrirodrigom5.es\/privacidad\/#breadcrumb","itemListElement":[{"@type":"ListItem","position":1,"name":"Portada","item":"https:\/\/deliaortega.adrirodrigom5.es\/"},{"@type":"ListItem","position":2,"name":"Pol\u00edtica de privacidad"}]},{"@type":"WebSite","@id":"https:\/\/deliaortega.adrirodrigom5.es\/#website","url":"https:\/\/deliaortega.adrirodrigom5.es\/","name":"Delia Ortega","description":"English with a New York Twist!","publisher":{"@id":"https:\/\/deliaortega.adrirodrigom5.es\/#organization"},"potentialAction":[{"@type":"SearchAction","target":{"@type":"EntryPoint","urlTemplate":"https:\/\/deliaortega.adrirodrigom5.es\/?s={search_term_string}"},"query-input":{"@type":"PropertyValueSpecification","valueRequired":true,"valueName":"search_term_string"}}],"inLanguage":"en-US"},{"@type":"Organization","@id":"https:\/\/deliaortega.adrirodrigom5.es\/#organization","name":"Delia Ortega","url":"https:\/\/deliaortega.adrirodrigom5.es\/","logo":{"@type":"ImageObject","inLanguage":"en-US","@id":"https:\/\/deliaortega.adrirodrigom5.es\/#\/schema\/logo\/image\/","url":"https:\/\/deliaortega.adrirodrigom5.es\/wp-content\/uploads\/2025\/10\/logo-4.webp","contentUrl":"https:\/\/deliaortega.adrirodrigom5.es\/wp-content\/uploads\/2025\/10\/logo-4.webp","width":1456,"height":512,"caption":"Delia Ortega"},"image":{"@id":"https:\/\/deliaortega.adrirodrigom5.es\/#\/schema\/logo\/image\/"}}]}},"_links":{"self":[{"href":"https:\/\/deliaortega.adrirodrigom5.es\/en\/wp-json\/wp\/v2\/pages\/3","targetHints":{"allow":["GET"]}}],"collection":[{"href":"https:\/\/deliaortega.adrirodrigom5.es\/en\/wp-json\/wp\/v2\/pages"}],"about":[{"href":"https:\/\/deliaortega.adrirodrigom5.es\/en\/wp-json\/wp\/v2\/types\/page"}],"author":[{"embeddable":true,"href":"https:\/\/deliaortega.adrirodrigom5.es\/en\/wp-json\/wp\/v2\/users\/2"}],"replies":[{"embeddable":true,"href":"https:\/\/deliaortega.adrirodrigom5.es\/en\/wp-json\/wp\/v2\/comments?post=3"}],"version-history":[{"count":13,"href":"https:\/\/deliaortega.adrirodrigom5.es\/en\/wp-json\/wp\/v2\/pages\/3\/revisions"}],"predecessor-version":[{"id":1063,"href":"https:\/\/deliaortega.adrirodrigom5.es\/en\/wp-json\/wp\/v2\/pages\/3\/revisions\/1063"}],"wp:attachment":[{"href":"https:\/\/deliaortega.adrirodrigom5.es\/en\/wp-json\/wp\/v2\/media?parent=3"}],"curies":[{"name":"wp","href":"https:\/\/api.w.org\/{rel}","templated":true}]}}